{"id":157,"date":"2026-01-09T11:58:39","date_gmt":"2026-01-09T10:58:39","guid":{"rendered":"https:\/\/nathan.woliner.formation-esiac.fr\/index.php\/mention-legal\/"},"modified":"2026-01-09T13:12:27","modified_gmt":"2026-01-09T12:12:27","slug":"mention-legal","status":"publish","type":"page","link":"https:\/\/nathan.woliner.formation-esiac.fr\/index.php\/mention-legal\/","title":{"rendered":"Mention L\u00e9gal"},"content":{"rendered":"\n<p>Mentions l\u00e9gales<br>\u00c9diteur du site<br>Ce site est e dite par :<br>Nathan Woliner<br>Email de contact : nwoliner@cfai.formation-industries-pdl.fr<br>H\u00e9bergement<br>Le site est he berge par :<br>He bergeur : OVH<br>Adresse : 2 Rue Kellermann, 59100 Roubaix<br>Te le phone : 09 72 10 10 07<br>Propri\u00e9t\u00e9 intellectuelle<br>L\u2019ensemble des e le ments pre sents sur ce site (textes, images, photographies, projets, logos,<br>illustrations, code, etc.) sont, sauf mention contraire, la proprie te exclusive de l\u2019e diteur. Toute<br>reproduction, modification, distribution ou exploitation totale ou partielle du contenu du site,<br>sans autorisation pre alable, est strictement interdite.<br>Donn\u00e9es personnelles<br>Ce site :<\/p>\n\n\n\n<ul class=\"wp-block-list\">\n<li>ne collecte aucune donne e personnelle.<br>Les informations communique es par l\u2019utilisateur sont utilise es uniquement pour permettre<br>la prise de contact et ne sont ni stocke es durablement, ni transmises a des tiers.<br>Pour exercer un droit de suppression ou de rectification :<br>Email : nwoliner@cfai.formation-industries-pdl.fr<br>Limitation de responsabilite<br>L\u2019e diteur du site ne saurait e tre tenu responsable :<\/li>\n\n\n\n<li>des erreurs ou omissions dans les contenus pre sents,<\/li>\n\n\n\n<li>d\u2019un e ventuel dysfonctionnement lie au serveur ou a l\u2019he bergement,<\/li>\n\n\n\n<li>de l\u2019utilisation qui pourrait e tre faite des informations pre sentes sur le site par des tiers.<br>Contact<br>Pour toute question ou demande concernant le site :<br>Email : nwoliner@cfai.formation-industries-pdl.fr<\/li>\n<\/ul>\n","protected":false},"excerpt":{"rendered":"<p>Mentions l\u00e9gales\u00c9diteur du siteCe site est e dite par :Nathan WolinerEmail de contact : nwoliner@cfai.formation-industries-pdl.frH\u00e9bergementLe site est he berge par :He bergeur : OVHAdresse : 2 Rue Kellermann, 59100 RoubaixTe le phone : 09 72 10 10 07Propri\u00e9t\u00e9 intellectuelleL\u2019ensemble des e le ments pre sents sur ce site (textes, images, photographies, projets, logos,illustrations, code, etc.) [&hellip;]<\/p>\n","protected":false},"author":1,"featured_media":0,"parent":0,"menu_order":0,"comment_status":"closed","ping_status":"closed","template":"","meta":{"footnotes":""},"class_list":["post-157","page","type-page","status-publish","hentry"],"_links":{"self":[{"href":"https:\/\/nathan.woliner.formation-esiac.fr\/index.php\/wp-json\/wp\/v2\/pages\/157","targetHints":{"allow":["GET"]}}],"collection":[{"href":"https:\/\/nathan.woliner.formation-esiac.fr\/index.php\/wp-json\/wp\/v2\/pages"}],"about":[{"href":"https:\/\/nathan.woliner.formation-esiac.fr\/index.php\/wp-json\/wp\/v2\/types\/page"}],"author":[{"embeddable":true,"href":"https:\/\/nathan.woliner.formation-esiac.fr\/index.php\/wp-json\/wp\/v2\/users\/1"}],"replies":[{"embeddable":true,"href":"https:\/\/nathan.woliner.formation-esiac.fr\/index.php\/wp-json\/wp\/v2\/comments?post=157"}],"version-history":[{"count":1,"href":"https:\/\/nathan.woliner.formation-esiac.fr\/index.php\/wp-json\/wp\/v2\/pages\/157\/revisions"}],"predecessor-version":[{"id":162,"href":"https:\/\/nathan.woliner.formation-esiac.fr\/index.php\/wp-json\/wp\/v2\/pages\/157\/revisions\/162"}],"wp:attachment":[{"href":"https:\/\/nathan.woliner.formation-esiac.fr\/index.php\/wp-json\/wp\/v2\/media?parent=157"}],"curies":[{"name":"wp","href":"https:\/\/api.w.org\/{rel}","templated":true}]}}